{"id":3413,"date":"2024-05-22T12:35:45","date_gmt":"2024-05-22T12:35:45","guid":{"rendered":"https:\/\/adreamofagatha.nl\/?page_id=3413"},"modified":"2024-05-22T12:41:04","modified_gmt":"2024-05-22T12:41:04","slug":"bracco-italiano-nest-uw-droomnest-bij-a-dream-of-agatha","status":"publish","type":"page","link":"https:\/\/adreamofagatha.nl\/de\/bracco-italiano-wurf-ihr-traumwurf-bei-einem-traum-von-agatha\/","title":{"rendered":"Bracco Italiano Wurf: Ihr Traumwurf bei A Dream Of Agatha"},"content":{"rendered":"<div data-elementor-type=\"wp-page\" data-elementor-id=\"3413\" class=\"elementor elementor-3413\" data-elementor-post-type=\"page\">\n\t\t\t\t\t\t<section class=\"elementor-section elementor-top-section elementor-element elementor-element-6952a1b5 elementor-section-full_width elementor-section-content-middle elementor-section-height-default elementor-section-height-default\" data-id=\"6952a1b5\" data-element_type=\"section\">\n\t\t\t\t\t\t<div class=\"elementor-container elementor-column-gap-no\">\n\t\t\t\t\t<div class=\"elementor-column elementor-col-100 elementor-top-column elementor-element elementor-element-5874b3ab\" data-id=\"5874b3ab\" data-element_type=\"column\">\n\t\t\t<div class=\"elementor-widget-wrap elementor-element-populated\">\n\t\t\t\t\t\t<div class=\"elementor-element elementor-element-629c712a elementor-widget elementor-widget-heading\" data-id=\"629c712a\" data-element_type=\"widget\" data-widget_type=\"heading.default\">\n\t\t\t\t<div class=\"elementor-widget-container\">\n\t\t\t<h1 class=\"elementor-heading-title elementor-size-default\">Bracco Italiano Wurf: Ihr Traumwurf bei A Dream Of Agatha<\/h1>\t\t<\/div>\n\t\t\t\t<\/div>\n\t\t\t\t<div class=\"elementor-element elementor-element-8c294aa elementor-fixed elementor-widget elementor-widget-image\" data-id=\"8c294aa\" data-element_type=\"widget\" data-settings=\"{&quot;_position&quot;:&quot;fixed&quot;}\" data-widget_type=\"image.default\">\n\t\t\t\t<div class=\"elementor-widget-container\">\n\t\t\t\t\t\t\t\t\t\t\t\t\t<img decoding=\"async\" src=\"https:\/\/adreamofagatha.nl\/wp-content\/uploads\/2022\/05\/A-Dream-of-1.svg\" title=\"Ein Traum von (1)\" alt=\"Ein Traum von (1)\" loading=\"lazy\" \/>\t\t\t\t\t\t\t\t\t\t\t\t\t<\/div>\n\t\t\t\t<\/div>\n\t\t\t\t<div class=\"elementor-element elementor-element-627c485c elementor-fixed elementor-widget elementor-widget-image\" data-id=\"627c485c\" data-element_type=\"widget\" data-settings=\"{&quot;_position&quot;:&quot;fixed&quot;}\" data-widget_type=\"image.default\">\n\t\t\t\t<div class=\"elementor-widget-container\">\n\t\t\t\t\t\t\t\t\t\t\t\t\t<img decoding=\"async\" src=\"https:\/\/adreamofagatha.nl\/wp-content\/uploads\/2022\/05\/A-Dream-of-1.svg\" title=\"Ein Traum von (1)\" alt=\"Ein Traum von (1)\" loading=\"lazy\" \/>\t\t\t\t\t\t\t\t\t\t\t\t\t<\/div>\n\t\t\t\t<\/div>\n\t\t\t\t\t<\/div>\n\t\t<\/div>\n\t\t\t\t\t<\/div>\n\t\t<\/section>\n\t\t\t\t<section class=\"elementor-section elementor-top-section elementor-element elementor-element-4bdda2cd elementor-section-boxed elementor-section-height-default elementor-section-height-default\" data-id=\"4bdda2cd\" data-element_type=\"section\">\n\t\t\t\t\t\t<div class=\"elementor-container elementor-column-gap-default\">\n\t\t\t\t\t<div class=\"elementor-column elementor-col-33 elementor-top-column elementor-element elementor-element-69557abe\" data-id=\"69557abe\" data-element_type=\"column\">\n\t\t\t<div class=\"elementor-widget-wrap\">\n\t\t\t\t\t\t\t<\/div>\n\t\t<\/div>\n\t\t\t\t<div class=\"elementor-column elementor-col-33 elementor-top-column elementor-element elementor-element-3440b1ce\" data-id=\"3440b1ce\" data-element_type=\"column\">\n\t\t\t<div class=\"elementor-widget-wrap elementor-element-populated\">\n\t\t\t\t\t\t<div class=\"elementor-element elementor-element-6594ddbe elementor-widget elementor-widget-text-editor\" data-id=\"6594ddbe\" data-element_type=\"widget\" data-widget_type=\"text-editor.default\">\n\t\t\t\t<div class=\"elementor-widget-container\">\n\t\t\t\t\t\t\t<p>Wir von A Dream Of Agatha sind stolz auf unsere liebevolle und kleine Zuchtfarm, in der wir mit Sorgfalt und Hingabe Bracco Italiano-W\u00fcrfe aufziehen. Als leidenschaftliche Bracco Italiano Z\u00fcchter sorgen wir daf\u00fcr, dass jeder Wurf in einer Umgebung voller Liebe und Aufmerksamkeit aufw\u00e4chst, was f\u00fcr die Entwicklung ausgeglichener und sozialer Hunde unerl\u00e4sslich ist. Unsere Bracco Italiano-W\u00fcrfe werden sorgf\u00e4ltig geplant und nach den h\u00f6chsten Standards gez\u00fcchtet. Jeder Welpe in unserem Wurf wird von Geburt an gut versorgt und erh\u00e4lt den besten Start ins Leben. Wir legen gro\u00dfen Wert auf die Gesundheit, das Temperament und die Sozialisierung unserer Welpen, damit sie zu gl\u00fccklichen und gesunden Bracco Italiano-Hunden heranwachsen. Wenn Sie sich f\u00fcr einen Bracco Italiano Wurf von A Dream Of Agatha entscheiden, entscheiden Sie sich f\u00fcr Qualit\u00e4t und Sorgfalt. Wir glauben an die Bedeutung einer verantwortungsvollen Zucht und setzen alles daran, die besten Eigenschaften dieser wunderbaren Rasse hervorzubringen. Unsere Bracco Italiano-W\u00fcrfe sind das Ergebnis jahrelanger Erfahrung und Hingabe an diese Rasse.<\/p>\t\t\t\t\t\t<\/div>\n\t\t\t\t<\/div>\n\t\t\t\t\t<\/div>\n\t\t<\/div>\n\t\t\t\t<div class=\"elementor-column elementor-col-33 elementor-top-column elementor-element elementor-element-254b6bf6\" data-id=\"254b6bf6\" data-element_type=\"column\">\n\t\t\t<div class=\"elementor-widget-wrap\">\n\t\t\t\t\t\t\t<\/div>\n\t\t<\/div>\n\t\t\t\t\t<\/div>\n\t\t<\/section>\n\t\t\t\t<section class=\"elementor-section elementor-top-section elementor-element elementor-element-431165a0 elementor-section-full_width elementor-section-content-middle elementor-section-height-default elementor-section-height-default\" data-id=\"431165a0\" data-element_type=\"section\">\n\t\t\t\t\t\t<div class=\"elementor-container elementor-column-gap-no\">\n\t\t\t\t\t<div class=\"elementor-column elementor-col-100 elementor-top-column elementor-element elementor-element-e492596\" data-id=\"e492596\" data-element_type=\"column\">\n\t\t\t<div class=\"elementor-widget-wrap elementor-element-populated\">\n\t\t\t\t\t\t<div class=\"elementor-element elementor-element-438b79a elementor-widget elementor-widget-heading\" data-id=\"438b79a\" data-element_type=\"widget\" data-widget_type=\"heading.default\">\n\t\t\t\t<div class=\"elementor-widget-container\">\n\t\t\t<h1 class=\"elementor-heading-title elementor-size-default\">Bracco Italiano Z\u00fcchter: Qualit\u00e4t und Sorgfalt bei A Dream Of Agatha<\/h1>\t\t<\/div>\n\t\t\t\t<\/div>\n\t\t\t\t\t<\/div>\n\t\t<\/div>\n\t\t\t\t\t<\/div>\n\t\t<\/section>\n\t\t\t\t<section class=\"elementor-section elementor-top-section elementor-element elementor-element-453fb76 elementor-section-boxed elementor-section-height-default elementor-section-height-default\" data-id=\"453fb76\" data-element_type=\"section\">\n\t\t\t\t\t\t<div class=\"elementor-container elementor-column-gap-default\">\n\t\t\t\t\t<div class=\"elementor-column elementor-col-33 elementor-top-column elementor-element elementor-element-67058db\" data-id=\"67058db\" data-element_type=\"column\">\n\t\t\t<div class=\"elementor-widget-wrap\">\n\t\t\t\t\t\t\t<\/div>\n\t\t<\/div>\n\t\t\t\t<div class=\"elementor-column elementor-col-33 elementor-top-column elementor-element elementor-element-2ae8a39e\" data-id=\"2ae8a39e\" data-element_type=\"column\">\n\t\t\t<div class=\"elementor-widget-wrap elementor-element-populated\">\n\t\t\t\t\t\t<div class=\"elementor-element elementor-element-7adee936 elementor-widget elementor-widget-text-editor\" data-id=\"7adee936\" data-element_type=\"widget\" data-widget_type=\"text-editor.default\">\n\t\t\t\t<div class=\"elementor-widget-container\">\n\t\t\t\t\t\t\t<p>Als renommierter Bracco Italiano Z\u00fcchter sind wir bestrebt, nur die besten Hunde zu z\u00fcchten. Unsere Zuchtst\u00e4tte, A Dream Of Agatha, ist bekannt f\u00fcr ihre liebevolle und sorgf\u00e4ltige Herangehensweise an die Zucht von Bracco Italiano Hunden. Wir glauben, dass jeder Welpe den besten Start ins Leben verdient und tun alles, um dies zu gew\u00e4hrleisten. Bei A Dream Of Agatha w\u00e4hlen wir unsere Zuchthunde sorgf\u00e4ltig nach den Kriterien Gesundheit, Charakter und Rassestandard aus. Als engagierter Bracco Italiano-Z\u00fcchter sorgen wir daf\u00fcr, dass unsere Welpen in einem famili\u00e4ren Umfeld aufwachsen, in dem sie viel Liebe und Aufmerksamkeit erhalten. Dies tr\u00e4gt zu ihrem ausgeglichenen und sozialen Wesen bei und macht sie zu idealen Jagd- und Begleithunden. Wenn Sie auf der Suche nach einem zuverl\u00e4ssigen Bracco Italiano-Z\u00fcchter sind, sind Sie bei A Dream Of Agatha an der richtigen Adresse. Wir bieten nicht nur gesunde und gut sozialisierte Welpen, sondern auch eine umfassende Beratung und Unterst\u00fctzung f\u00fcr neue Besitzer. Unser Engagement f\u00fcr die Rasse und f\u00fcr eine verantwortungsvolle Zucht sorgt daf\u00fcr, dass Sie bei uns einen Bracco Italiano Welpen finden, der perfekt zu Ihnen passt.<\/p>\t\t\t\t\t\t<\/div>\n\t\t\t\t<\/div>\n\t\t\t\t\t<\/div>\n\t\t<\/div>\n\t\t\t\t<div class=\"elementor-column elementor-col-33 elementor-top-column elementor-element elementor-element-6d10f15e\" data-id=\"6d10f15e\" data-element_type=\"column\">\n\t\t\t<div class=\"elementor-widget-wrap\">\n\t\t\t\t\t\t\t<\/div>\n\t\t<\/div>\n\t\t\t\t\t<\/div>\n\t\t<\/section>\n\t\t\t\t<section class=\"elementor-section elementor-top-section elementor-element elementor-element-405e6019 elementor-section-full_width elementor-section-content-middle elementor-section-height-default elementor-section-height-default\" data-id=\"405e6019\" data-element_type=\"section\">\n\t\t\t\t\t\t<div class=\"elementor-container elementor-column-gap-no\">\n\t\t\t\t\t<div class=\"elementor-column elementor-col-100 elementor-top-column elementor-element elementor-element-613b2f03\" data-id=\"613b2f03\" data-element_type=\"column\">\n\t\t\t<div class=\"elementor-widget-wrap elementor-element-populated\">\n\t\t\t\t\t\t<div class=\"elementor-element elementor-element-7d253f69 elementor-widget elementor-widget-heading\" data-id=\"7d253f69\" data-element_type=\"widget\" data-widget_type=\"heading.default\">\n\t\t\t\t<div class=\"elementor-widget-container\">\n\t\t\t<h1 class=\"elementor-heading-title elementor-size-default\">Wir stellen vor: Ageeth Mahieu<\/h1>\t\t<\/div>\n\t\t\t\t<\/div>\n\t\t\t\t\t<\/div>\n\t\t<\/div>\n\t\t\t\t\t<\/div>\n\t\t<\/section>\n\t\t\t\t<section class=\"elementor-section elementor-top-section elementor-element elementor-element-24aa3d77 elementor-section-boxed elementor-section-height-default elementor-section-height-default\" data-id=\"24aa3d77\" data-element_type=\"section\">\n\t\t\t\t\t\t<div class=\"elementor-container elementor-column-gap-default\">\n\t\t\t\t\t<div class=\"elementor-column elementor-col-33 elementor-top-column elementor-element elementor-element-40c22a0a\" data-id=\"40c22a0a\" data-element_type=\"column\">\n\t\t\t<div class=\"elementor-widget-wrap\">\n\t\t\t\t\t\t\t<\/div>\n\t\t<\/div>\n\t\t\t\t<div class=\"elementor-column elementor-col-33 elementor-top-column elementor-element elementor-element-6205880b\" data-id=\"6205880b\" data-element_type=\"column\">\n\t\t\t<div class=\"elementor-widget-wrap elementor-element-populated\">\n\t\t\t\t\t\t<div class=\"elementor-element elementor-element-56d6f69c elementor-widget elementor-widget-text-editor\" data-id=\"56d6f69c\" data-element_type=\"widget\" data-widget_type=\"text-editor.default\">\n\t\t\t\t<div class=\"elementor-widget-container\">\n\t\t\t\t\t\t\t<p>Darf ich mich kurz vorstellen: Ich bin Ageeth Mahieu. Tiere waren schon immer eine gro\u00dfe Leidenschaft von mir, besonders Hunde, Pferde und Katzen. Nachdem ich jahrelang hart in unserem eigenen Unternehmen, einem technischen Gro\u00dfhandel, gearbeitet habe, beschloss ich, meinen Traum im Jahr 2022 zu verwirklichen. In meiner Freizeit liebe ich nichts mehr, als mich um meine Tiere zu k\u00fcmmern und sie zu verw\u00f6hnen. Mit A Dream Of Agatha m\u00f6chte ich meine Liebe zum Bracco Italiano teilen und zum Erhalt dieser sch\u00f6nen Rasse beitragen. Wir hoffen, Sie bald bei A Dream Of Agatha begr\u00fc\u00dfen zu d\u00fcrfen, wo die Liebe zu den Tieren im Mittelpunkt steht.<\/p>\t\t\t\t\t\t<\/div>\n\t\t\t\t<\/div>\n\t\t\t\t\t<\/div>\n\t\t<\/div>\n\t\t\t\t<div class=\"elementor-column elementor-col-33 elementor-top-column elementor-element elementor-element-144d56f\" data-id=\"144d56f\" data-element_type=\"column\">\n\t\t\t<div class=\"elementor-widget-wrap\">\n\t\t\t\t\t\t\t<\/div>\n\t\t<\/div>\n\t\t\t\t\t<\/div>\n\t\t<\/section>\n\t\t\t\t<section class=\"elementor-section elementor-top-section elementor-element elementor-element-41cb6abc elementor-section-boxed elementor-section-height-default elementor-section-height-default\" data-id=\"41cb6abc\" data-element_type=\"section\">\n\t\t\t\t\t\t<div class=\"elementor-container elementor-column-gap-default\">\n\t\t\t\t\t<div class=\"elementor-column elementor-col-100 elementor-top-column elementor-element elementor-element-6cbee844\" data-id=\"6cbee844\" data-element_type=\"column\">\n\t\t\t<div class=\"elementor-widget-wrap elementor-element-populated\">\n\t\t\t\t\t\t<section class=\"elementor-section elementor-inner-section elementor-element elementor-element-1ef57aa6 elementor-section-full_width elementor-section-content-middle elementor-section-height-default elementor-section-height-default\" data-id=\"1ef57aa6\" data-element_type=\"section\">\n\t\t\t\t\t\t<div class=\"elementor-container elementor-column-gap-extended\">\n\t\t\t\t\t<div class=\"elementor-column elementor-col-25 elementor-inner-column elementor-element elementor-element-623162cc\" data-id=\"623162cc\" data-element_type=\"column\" data-settings=\"{&quot;motion_fx_motion_fx_scrolling&quot;:&quot;yes&quot;,&quot;motion_fx_scale_effect&quot;:&quot;yes&quot;,&quot;motion_fx_scale_direction&quot;:&quot;in-out&quot;,&quot;motion_fx_scale_range&quot;:{&quot;unit&quot;:&quot;%&quot;,&quot;size&quot;:&quot;&quot;,&quot;sizes&quot;:{&quot;start&quot;:0,&quot;end&quot;:50}},&quot;motion_fx_devices&quot;:[&quot;desktop&quot;],&quot;motion_fx_scale_speed&quot;:{&quot;unit&quot;:&quot;px&quot;,&quot;size&quot;:4,&quot;sizes&quot;:[]}}\">\n\t\t\t<div class=\"elementor-widget-wrap elementor-element-populated\">\n\t\t\t\t\t\t<div class=\"elementor-element elementor-element-17cf38c6 elementor-cta--skin-classic elementor-animated-content elementor-bg-transform elementor-bg-transform-zoom-in elementor-widget elementor-widget-call-to-action\" data-id=\"17cf38c6\" data-element_type=\"widget\" data-widget_type=\"call-to-action.default\">\n\t\t\t\t<div class=\"elementor-widget-container\">\n\t\t\t\t\t<div class=\"elementor-cta\">\n\t\t\t\t\t<div class=\"elementor-cta__bg-wrapper\">\n\t\t\t\t<div class=\"elementor-cta__bg elementor-bg\" style=\"background-image: url(https:\/\/adreamofagatha.nl\/wp-content\/uploads\/elementor\/thumbs\/unnamed-qd9cjt2ywg1qnorhsc72emuadzq2wv7lyhi0ua3xdk.jpeg);\" role=\"img\" aria-label=\"unbenannt\"><\/div>\n\t\t\t\t<div class=\"elementor-cta__bg-overlay\"><\/div>\n\t\t\t<\/div>\n\t\t\t\t\t\t\t\t<\/div>\n\t\t\t\t<\/div>\n\t\t\t\t<\/div>\n\t\t\t\t\t<\/div>\n\t\t<\/div>\n\t\t\t\t<div class=\"elementor-column elementor-col-25 elementor-inner-column elementor-element elementor-element-756b97eb\" data-id=\"756b97eb\" data-element_type=\"column\" data-settings=\"{&quot;motion_fx_motion_fx_scrolling&quot;:&quot;yes&quot;,&quot;motion_fx_scale_effect&quot;:&quot;yes&quot;,&quot;motion_fx_scale_direction&quot;:&quot;in-out&quot;,&quot;motion_fx_scale_range&quot;:{&quot;unit&quot;:&quot;%&quot;,&quot;size&quot;:&quot;&quot;,&quot;sizes&quot;:{&quot;start&quot;:0,&quot;end&quot;:50}},&quot;motion_fx_devices&quot;:[&quot;desktop&quot;],&quot;motion_fx_scale_speed&quot;:{&quot;unit&quot;:&quot;px&quot;,&quot;size&quot;:4,&quot;sizes&quot;:[]}}\">\n\t\t\t<div class=\"elementor-widget-wrap elementor-element-populated\">\n\t\t\t\t\t\t<div class=\"elementor-element elementor-element-59779c63 elementor-cta--skin-classic elementor-animated-content elementor-bg-transform elementor-bg-transform-zoom-in elementor-widget elementor-widget-call-to-action\" data-id=\"59779c63\" data-element_type=\"widget\" data-widget_type=\"call-to-action.default\">\n\t\t\t\t<div class=\"elementor-widget-container\">\n\t\t\t\t\t<div class=\"elementor-cta\">\n\t\t\t\t\t<div class=\"elementor-cta__bg-wrapper\">\n\t\t\t\t<div class=\"elementor-cta__bg elementor-bg\" style=\"background-image: url(https:\/\/adreamofagatha.nl\/wp-content\/uploads\/2023\/05\/Ontwerp-zonder-titel-kopie.jpg);\" role=\"img\" aria-label=\"Ontwerp zonder titel kopie\"><\/div>\n\t\t\t\t<div class=\"elementor-cta__bg-overlay\"><\/div>\n\t\t\t<\/div>\n\t\t\t\t\t\t\t\t<\/div>\n\t\t\t\t<\/div>\n\t\t\t\t<\/div>\n\t\t\t\t\t<\/div>\n\t\t<\/div>\n\t\t\t\t<div class=\"elementor-column elementor-col-25 elementor-inner-column elementor-element elementor-element-5126d369\" data-id=\"5126d369\" data-element_type=\"column\" data-settings=\"{&quot;motion_fx_motion_fx_scrolling&quot;:&quot;yes&quot;,&quot;motion_fx_scale_effect&quot;:&quot;yes&quot;,&quot;motion_fx_scale_direction&quot;:&quot;in-out&quot;,&quot;motion_fx_scale_range&quot;:{&quot;unit&quot;:&quot;%&quot;,&quot;size&quot;:&quot;&quot;,&quot;sizes&quot;:{&quot;start&quot;:0,&quot;end&quot;:50}},&quot;motion_fx_devices&quot;:[&quot;desktop&quot;],&quot;motion_fx_scale_speed&quot;:{&quot;unit&quot;:&quot;px&quot;,&quot;size&quot;:4,&quot;sizes&quot;:[]}}\">\n\t\t\t<div class=\"elementor-widget-wrap elementor-element-populated\">\n\t\t\t\t\t\t<div class=\"elementor-element elementor-element-260e1aea elementor-cta--skin-classic elementor-animated-content elementor-bg-transform elementor-bg-transform-zoom-in elementor-widget elementor-widget-call-to-action\" data-id=\"260e1aea\" data-element_type=\"widget\" data-widget_type=\"call-to-action.default\">\n\t\t\t\t<div class=\"elementor-widget-container\">\n\t\t\t\t\t<div class=\"elementor-cta\">\n\t\t\t\t\t<div class=\"elementor-cta__bg-wrapper\">\n\t\t\t\t<div class=\"elementor-cta__bg elementor-bg\" style=\"background-image: url(https:\/\/adreamofagatha.nl\/wp-content\/uploads\/2022\/06\/280263532_5213181195407596_8345390313105590197_n.jpeg);\" role=\"img\" aria-label=\"280263532_5213181195407596_8345390313105590197_n\"><\/div>\n\t\t\t\t<div class=\"elementor-cta__bg-overlay\"><\/div>\n\t\t\t<\/div>\n\t\t\t\t\t\t\t\t<\/div>\n\t\t\t\t<\/div>\n\t\t\t\t<\/div>\n\t\t\t\t\t<\/div>\n\t\t<\/div>\n\t\t\t\t<div class=\"elementor-column elementor-col-25 elementor-inner-column elementor-element elementor-element-644ce54c\" data-id=\"644ce54c\" data-element_type=\"column\" data-settings=\"{&quot;motion_fx_motion_fx_scrolling&quot;:&quot;yes&quot;,&quot;motion_fx_scale_effect&quot;:&quot;yes&quot;,&quot;motion_fx_scale_direction&quot;:&quot;in-out&quot;,&quot;motion_fx_scale_range&quot;:{&quot;unit&quot;:&quot;%&quot;,&quot;size&quot;:&quot;&quot;,&quot;sizes&quot;:{&quot;start&quot;:0,&quot;end&quot;:50}},&quot;motion_fx_devices&quot;:[&quot;desktop&quot;],&quot;motion_fx_scale_speed&quot;:{&quot;unit&quot;:&quot;px&quot;,&quot;size&quot;:4,&quot;sizes&quot;:[]}}\">\n\t\t\t<div class=\"elementor-widget-wrap elementor-element-populated\">\n\t\t\t\t\t\t<div class=\"elementor-element elementor-element-5c81564e elementor-cta--skin-classic elementor-animated-content elementor-bg-transform elementor-bg-transform-zoom-in elementor-widget elementor-widget-call-to-action\" data-id=\"5c81564e\" data-element_type=\"widget\" data-widget_type=\"call-to-action.default\">\n\t\t\t\t<div class=\"elementor-widget-container\">\n\t\t\t\t\t<div class=\"elementor-cta\">\n\t\t\t\t\t<div class=\"elementor-cta__bg-wrapper\">\n\t\t\t\t<div class=\"elementor-cta__bg elementor-bg\" style=\"background-image: url(https:\/\/adreamofagatha.nl\/wp-content\/uploads\/2023\/10\/IMG_2778.jpg);\" role=\"img\" aria-label=\"IMG_2778\"><\/div>\n\t\t\t\t<div class=\"elementor-cta__bg-overlay\"><\/div>\n\t\t\t<\/div>\n\t\t\t\t\t\t\t\t<\/div>\n\t\t\t\t<\/div>\n\t\t\t\t<\/div>\n\t\t\t\t\t<\/div>\n\t\t<\/div>\n\t\t\t\t\t<\/div>\n\t\t<\/section>\n\t\t\t\t\t<\/div>\n\t\t<\/div>\n\t\t\t\t\t<\/div>\n\t\t<\/section>\n\t\t\t\t<\/div>","protected":false},"excerpt":{"rendered":"<p>Bracco Italiano nest: uw droomnest bij A Dream Of Agatha Bij A Dream Of Agatha zijn we trots op onze liefdevolle en kleinschalige fokkerij, waar we met zorg en toewijding Bracco Italiano nesten grootbrengen. Als gepassioneerde Bracco Italiano fokker zorgen wij ervoor dat elk nest wordt grootgebracht in een omgeving vol liefde en aandacht, wat &hellip;<\/p>\n<p class=\"read-more\"> <a class=\"\" href=\"https:\/\/adreamofagatha.nl\/de\/bracco-italiano-wurf-ihr-traumwurf-bei-einem-traum-von-agatha\/\"> <span class=\"screen-reader-text\">Bracco Italiano Wurf: Ihr Traumwurf bei A Dream Of Agatha<\/span> Weiterlesen \"<\/a><\/p>","protected":false},"author":1,"featured_media":0,"parent":0,"menu_order":0,"comment_status":"closed","ping_status":"closed","template":"","meta":{"site-sidebar-layout":"no-sidebar","site-content-layout":"page-builder","ast-main-header-display":"","ast-hfb-above-header-display":"","ast-hfb-below-header-display":"","ast-hfb-mobile-header-display":"","site-post-title":"disabled","ast-breadcrumbs-content":"","ast-featured-img":"disabled","footer-sml-layout":"","theme-transparent-header-meta":"","adv-header-id-meta":"","stick-header-meta":"","header-above-stick-meta":"","header-main-stick-meta":"","header-below-stick-meta":"","footnotes":""},"class_list":["post-3413","page","type-page","status-publish","hentry"],"_links":{"self":[{"href":"https:\/\/adreamofagatha.nl\/de\/wp-json\/wp\/v2\/pages\/3413"}],"collection":[{"href":"https:\/\/adreamofagatha.nl\/de\/wp-json\/wp\/v2\/pages"}],"about":[{"href":"https:\/\/adreamofagatha.nl\/de\/wp-json\/wp\/v2\/types\/page"}],"author":[{"embeddable":true,"href":"https:\/\/adreamofagatha.nl\/de\/wp-json\/wp\/v2\/users\/1"}],"replies":[{"embeddable":true,"href":"https:\/\/adreamofagatha.nl\/de\/wp-json\/wp\/v2\/comments?post=3413"}],"version-history":[{"count":4,"href":"https:\/\/adreamofagatha.nl\/de\/wp-json\/wp\/v2\/pages\/3413\/revisions"}],"predecessor-version":[{"id":3417,"href":"https:\/\/adreamofagatha.nl\/de\/wp-json\/wp\/v2\/pages\/3413\/revisions\/3417"}],"wp:attachment":[{"href":"https:\/\/adreamofagatha.nl\/de\/wp-json\/wp\/v2\/media?parent=3413"}],"curies":[{"name":"wp","href":"https:\/\/api.w.org\/{rel}","templated":true}]}}