{"id":3404,"date":"2024-05-22T12:07:23","date_gmt":"2024-05-22T12:07:23","guid":{"rendered":"https:\/\/adreamofagatha.nl\/?page_id=3404"},"modified":"2024-05-22T12:29:53","modified_gmt":"2024-05-22T12:29:53","slug":"bracco-italiano-puppies-vind-uw-perfecte-pup-bij-a-dream-of-agatha","status":"publish","type":"page","link":"https:\/\/adreamofagatha.nl\/de\/bracco-italiano-welpen-finden-sie-ihren-perfekten-welpen-bei-a-dream-of-agatha\/","title":{"rendered":"Bracco Italiano Welpen: finden Sie Ihren perfekten Welpen bei A Dream Of Agatha"},"content":{"rendered":"<div data-elementor-type=\"wp-page\" data-elementor-id=\"3404\" class=\"elementor elementor-3404\" data-elementor-post-type=\"page\">\n\t\t\t\t\t\t<section class=\"elementor-section elementor-top-section elementor-element elementor-element-2ed0488f elementor-section-full_width elementor-section-content-middle elementor-section-height-default elementor-section-height-default\" data-id=\"2ed0488f\" data-element_type=\"section\">\n\t\t\t\t\t\t<div class=\"elementor-container elementor-column-gap-no\">\n\t\t\t\t\t<div class=\"elementor-column elementor-col-100 elementor-top-column elementor-element elementor-element-774f7f00\" data-id=\"774f7f00\" data-element_type=\"column\">\n\t\t\t<div class=\"elementor-widget-wrap elementor-element-populated\">\n\t\t\t\t\t\t<div class=\"elementor-element elementor-element-c601967 elementor-widget elementor-widget-heading\" data-id=\"c601967\" data-element_type=\"widget\" data-widget_type=\"heading.default\">\n\t\t\t\t<div class=\"elementor-widget-container\">\n\t\t\t<h1 class=\"elementor-heading-title elementor-size-default\">Bracco Italiano Welpen: finden Sie Ihren perfekten Welpen bei A Dream Of Agatha<\/h1>\t\t<\/div>\n\t\t\t\t<\/div>\n\t\t\t\t<div class=\"elementor-element elementor-element-a4cc3c5 elementor-fixed elementor-widget elementor-widget-image\" data-id=\"a4cc3c5\" data-element_type=\"widget\" data-settings=\"{&quot;_position&quot;:&quot;fixed&quot;}\" data-widget_type=\"image.default\">\n\t\t\t\t<div class=\"elementor-widget-container\">\n\t\t\t\t\t\t\t\t\t\t\t\t\t<img decoding=\"async\" src=\"https:\/\/adreamofagatha.nl\/wp-content\/uploads\/2022\/05\/A-Dream-of-1.svg\" title=\"Ein Traum von (1)\" alt=\"Ein Traum von (1)\" loading=\"lazy\" \/>\t\t\t\t\t\t\t\t\t\t\t\t\t<\/div>\n\t\t\t\t<\/div>\n\t\t\t\t<div class=\"elementor-element elementor-element-0f2f62a elementor-fixed elementor-widget elementor-widget-image\" data-id=\"0f2f62a\" data-element_type=\"widget\" data-settings=\"{&quot;_position&quot;:&quot;fixed&quot;}\" data-widget_type=\"image.default\">\n\t\t\t\t<div class=\"elementor-widget-container\">\n\t\t\t\t\t\t\t\t\t\t\t\t\t<img decoding=\"async\" src=\"https:\/\/adreamofagatha.nl\/wp-content\/uploads\/2022\/05\/A-Dream-of-1.svg\" title=\"Ein Traum von (1)\" alt=\"Ein Traum von (1)\" loading=\"lazy\" \/>\t\t\t\t\t\t\t\t\t\t\t\t\t<\/div>\n\t\t\t\t<\/div>\n\t\t\t\t\t<\/div>\n\t\t<\/div>\n\t\t\t\t\t<\/div>\n\t\t<\/section>\n\t\t\t\t<section class=\"elementor-section elementor-top-section elementor-element elementor-element-9650af0 elementor-section-boxed elementor-section-height-default elementor-section-height-default\" data-id=\"9650af0\" data-element_type=\"section\">\n\t\t\t\t\t\t<div class=\"elementor-container elementor-column-gap-default\">\n\t\t\t\t\t<div class=\"elementor-column elementor-col-33 elementor-top-column elementor-element elementor-element-ddf54c5\" data-id=\"ddf54c5\" data-element_type=\"column\">\n\t\t\t<div class=\"elementor-widget-wrap\">\n\t\t\t\t\t\t\t<\/div>\n\t\t<\/div>\n\t\t\t\t<div class=\"elementor-column elementor-col-33 elementor-top-column elementor-element elementor-element-4c6d5c0\" data-id=\"4c6d5c0\" data-element_type=\"column\">\n\t\t\t<div class=\"elementor-widget-wrap elementor-element-populated\">\n\t\t\t\t\t\t<div class=\"elementor-element elementor-element-703771c elementor-widget elementor-widget-text-editor\" data-id=\"703771c\" data-element_type=\"widget\" data-widget_type=\"text-editor.default\">\n\t\t\t\t<div class=\"elementor-widget-container\">\n\t\t\t\t\t\t\t<p><span style=\"font-size: 16px;\">Bei A Dream Of Agatha finden Sie die sch\u00f6nsten Bracco Italiano Welpen, die mit Liebe und Sorgfalt aufgezogen werden. Unsere kleine und liebevolle Zucht konzentriert sich auf die Aufzucht von gesunden und ausgeglichenen Bracco Italiano Welpen, die sich zu gro\u00dfartigen Begleit- und Jagdhunden entwickeln. Jeder Bracco Italiano Welpe aus unserer Zuchtst\u00e4tte wird sorgf\u00e4ltig in einer famili\u00e4ren Umgebung aufgezogen, in der er den besten Start ins Leben erh\u00e4lt. Unsere Bracco Italiano Welpen sind bekannt f\u00fcr ihre Intelligenz, ihre Sanftmut und ihren hervorragenden Geruchssinn. Diese Eigenschaften machen sie ideal f\u00fcr die Jagd und das Familienleben. Wenn Sie einen Bracco Italiano Welpen bei uns kaufen, erhalten Sie einen Hund, der nicht nur sch\u00f6n, sondern auch ausdauernd und entgegenkommend ist.<\/span><\/p>\t\t\t\t\t\t<\/div>\n\t\t\t\t<\/div>\n\t\t\t\t\t<\/div>\n\t\t<\/div>\n\t\t\t\t<div class=\"elementor-column elementor-col-33 elementor-top-column elementor-element elementor-element-9d4f914\" data-id=\"9d4f914\" data-element_type=\"column\">\n\t\t\t<div class=\"elementor-widget-wrap\">\n\t\t\t\t\t\t\t<\/div>\n\t\t<\/div>\n\t\t\t\t\t<\/div>\n\t\t<\/section>\n\t\t\t\t<section class=\"elementor-section elementor-top-section elementor-element elementor-element-e4fe265 elementor-section-full_width elementor-section-content-middle elementor-section-height-default elementor-section-height-default\" data-id=\"e4fe265\" data-element_type=\"section\">\n\t\t\t\t\t\t<div class=\"elementor-container elementor-column-gap-no\">\n\t\t\t\t\t<div class=\"elementor-column elementor-col-100 elementor-top-column elementor-element elementor-element-ca7577e\" data-id=\"ca7577e\" data-element_type=\"column\">\n\t\t\t<div class=\"elementor-widget-wrap elementor-element-populated\">\n\t\t\t\t\t\t<div class=\"elementor-element elementor-element-ac0e850 elementor-widget elementor-widget-heading\" data-id=\"ac0e850\" data-element_type=\"widget\" data-widget_type=\"heading.default\">\n\t\t\t\t<div class=\"elementor-widget-container\">\n\t\t\t<h1 class=\"elementor-heading-title elementor-size-default\">Bracco Italiano Welpen: gesund und geliebt bei A Dream Of Agatha<\/h1>\t\t<\/div>\n\t\t\t\t<\/div>\n\t\t\t\t\t<\/div>\n\t\t<\/div>\n\t\t\t\t\t<\/div>\n\t\t<\/section>\n\t\t\t\t<section class=\"elementor-section elementor-top-section elementor-element elementor-element-60aebd4 elementor-section-boxed elementor-section-height-default elementor-section-height-default\" data-id=\"60aebd4\" data-element_type=\"section\">\n\t\t\t\t\t\t<div class=\"elementor-container elementor-column-gap-default\">\n\t\t\t\t\t<div class=\"elementor-column elementor-col-33 elementor-top-column elementor-element elementor-element-52a1bf6\" data-id=\"52a1bf6\" data-element_type=\"column\">\n\t\t\t<div class=\"elementor-widget-wrap\">\n\t\t\t\t\t\t\t<\/div>\n\t\t<\/div>\n\t\t\t\t<div class=\"elementor-column elementor-col-33 elementor-top-column elementor-element elementor-element-078e0ec\" data-id=\"078e0ec\" data-element_type=\"column\">\n\t\t\t<div class=\"elementor-widget-wrap elementor-element-populated\">\n\t\t\t\t\t\t<div class=\"elementor-element elementor-element-e4fe50a elementor-widget elementor-widget-text-editor\" data-id=\"e4fe50a\" data-element_type=\"widget\" data-widget_type=\"text-editor.default\">\n\t\t\t\t<div class=\"elementor-widget-container\">\n\t\t\t\t\t\t\t<p>Unsere Bracco Italiano Welpen werden mit \u00e4u\u00dferster Sorgfalt gez\u00fcchtet und aufgezogen. Wir legen gro\u00dfen Wert auf die Gesundheit und das Wohlbefinden unserer Welpen. Jeder Bracco Italiano Welpe erh\u00e4lt die notwendige medizinische Versorgung und Sozialisierung, damit er sich zu einem ausgeglichenen und sozialen Hund entwickelt. Unsere Welpen wachsen in einer liebevollen Umgebung auf, was zu ihrem sanften und entgegenkommenden Wesen beitr\u00e4gt. Bei A Dream Of Agatha stellen wir sicher, dass unsere Bracco Italiano Welpen den h\u00f6chsten Standards entsprechen. Unsere Zuchthunde werden sorgf\u00e4ltig nach Gesundheit, Charakter und Rassestandard ausgew\u00e4hlt. So stellen wir sicher, dass jeder Bracco Italiano-Welpe aus unserer Zucht gesund und gut sozialisiert ist und ein liebevolles Zuhause finden kann. Sind Sie auf der Suche nach Bracco Italiano Welpen zum Verkauf? Bei A Dream Of Agatha haben wir regelm\u00e4\u00dfig Bracco Italiano Welpen f\u00fcr neue, liebevolle Besitzer im Angebot. Unsere Welpen werden mit Sorgfalt und Hingabe aufgezogen und sind bereit, in ihr neues Zuhause zu gehen. Wir wissen, dass die Wahl des richtigen Welpen eine wichtige Entscheidung ist. Deshalb bieten wir Ihnen eine umfassende Beratung und Unterst\u00fctzung bei der Auswahl Ihres Bracco Italiano Welpen. Unser Wissen und unsere Erfahrung als Z\u00fcchter stellen sicher, dass Sie bei uns den perfekten Bracco Italiano Welpen finden, der zu Ihrem Lebensstil passt.<\/p>\t\t\t\t\t\t<\/div>\n\t\t\t\t<\/div>\n\t\t\t\t\t<\/div>\n\t\t<\/div>\n\t\t\t\t<div class=\"elementor-column elementor-col-33 elementor-top-column elementor-element elementor-element-ff1bf03\" data-id=\"ff1bf03\" data-element_type=\"column\">\n\t\t\t<div class=\"elementor-widget-wrap\">\n\t\t\t\t\t\t\t<\/div>\n\t\t<\/div>\n\t\t\t\t\t<\/div>\n\t\t<\/section>\n\t\t\t\t<section class=\"elementor-section elementor-top-section elementor-element elementor-element-64c6a4b elementor-section-full_width elementor-section-content-middle elementor-section-height-default elementor-section-height-default\" data-id=\"64c6a4b\" data-element_type=\"section\">\n\t\t\t\t\t\t<div class=\"elementor-container elementor-column-gap-no\">\n\t\t\t\t\t<div class=\"elementor-column elementor-col-100 elementor-top-column elementor-element elementor-element-8c0f822\" data-id=\"8c0f822\" data-element_type=\"column\">\n\t\t\t<div class=\"elementor-widget-wrap elementor-element-populated\">\n\t\t\t\t\t\t<div class=\"elementor-element elementor-element-cc093e4 elementor-widget elementor-widget-heading\" data-id=\"cc093e4\" data-element_type=\"widget\" data-widget_type=\"heading.default\">\n\t\t\t\t<div class=\"elementor-widget-container\">\n\t\t\t<h1 class=\"elementor-heading-title elementor-size-default\">Wir stellen vor: Ageeth Mahieu<\/h1>\t\t<\/div>\n\t\t\t\t<\/div>\n\t\t\t\t\t<\/div>\n\t\t<\/div>\n\t\t\t\t\t<\/div>\n\t\t<\/section>\n\t\t\t\t<section class=\"elementor-section elementor-top-section elementor-element elementor-element-8f560aa elementor-section-boxed elementor-section-height-default elementor-section-height-default\" data-id=\"8f560aa\" data-element_type=\"section\">\n\t\t\t\t\t\t<div class=\"elementor-container elementor-column-gap-default\">\n\t\t\t\t\t<div class=\"elementor-column elementor-col-33 elementor-top-column elementor-element elementor-element-a5798c6\" data-id=\"a5798c6\" data-element_type=\"column\">\n\t\t\t<div class=\"elementor-widget-wrap\">\n\t\t\t\t\t\t\t<\/div>\n\t\t<\/div>\n\t\t\t\t<div class=\"elementor-column elementor-col-33 elementor-top-column elementor-element elementor-element-544ba64\" data-id=\"544ba64\" data-element_type=\"column\">\n\t\t\t<div class=\"elementor-widget-wrap elementor-element-populated\">\n\t\t\t\t\t\t<div class=\"elementor-element elementor-element-dd5d09a elementor-widget elementor-widget-text-editor\" data-id=\"dd5d09a\" data-element_type=\"widget\" data-widget_type=\"text-editor.default\">\n\t\t\t\t<div class=\"elementor-widget-container\">\n\t\t\t\t\t\t\t<p>Darf ich mich kurz vorstellen: Ich bin Ageeth Mahieu. Tiere waren schon immer eine gro\u00dfe Leidenschaft von mir, besonders Hunde, Pferde und Katzen. Nachdem ich jahrelang hart in unserem eigenen Unternehmen, einem technischen Gro\u00dfhandel, gearbeitet habe, beschloss ich, meinen Traum im Jahr 2022 zu verwirklichen. In meiner Freizeit liebe ich nichts mehr, als mich um meine Tiere zu k\u00fcmmern und sie zu verw\u00f6hnen. Mit A Dream Of Agatha m\u00f6chte ich meine Liebe zum Bracco Italiano teilen und zum Erhalt dieser sch\u00f6nen Rasse beitragen. Wir hoffen, Sie bald bei A Dream Of Agatha begr\u00fc\u00dfen zu d\u00fcrfen, wo die Liebe zu den Tieren im Mittelpunkt steht.<\/p>\t\t\t\t\t\t<\/div>\n\t\t\t\t<\/div>\n\t\t\t\t\t<\/div>\n\t\t<\/div>\n\t\t\t\t<div class=\"elementor-column elementor-col-33 elementor-top-column elementor-element elementor-element-ba6f129\" data-id=\"ba6f129\" data-element_type=\"column\">\n\t\t\t<div class=\"elementor-widget-wrap\">\n\t\t\t\t\t\t\t<\/div>\n\t\t<\/div>\n\t\t\t\t\t<\/div>\n\t\t<\/section>\n\t\t\t\t<section class=\"elementor-section elementor-top-section elementor-element elementor-element-6141e2e elementor-section-boxed elementor-section-height-default elementor-section-height-default\" data-id=\"6141e2e\" data-element_type=\"section\">\n\t\t\t\t\t\t<div class=\"elementor-container elementor-column-gap-default\">\n\t\t\t\t\t<div class=\"elementor-column elementor-col-100 elementor-top-column elementor-element elementor-element-5a8a9d7\" data-id=\"5a8a9d7\" data-element_type=\"column\">\n\t\t\t<div class=\"elementor-widget-wrap elementor-element-populated\">\n\t\t\t\t\t\t<section class=\"elementor-section elementor-inner-section elementor-element elementor-element-77893db elementor-section-full_width elementor-section-content-middle elementor-section-height-default elementor-section-height-default\" data-id=\"77893db\" data-element_type=\"section\">\n\t\t\t\t\t\t<div class=\"elementor-container elementor-column-gap-extended\">\n\t\t\t\t\t<div class=\"elementor-column elementor-col-25 elementor-inner-column elementor-element elementor-element-936df8e\" data-id=\"936df8e\" data-element_type=\"column\" data-settings=\"{&quot;motion_fx_motion_fx_scrolling&quot;:&quot;yes&quot;,&quot;motion_fx_scale_effect&quot;:&quot;yes&quot;,&quot;motion_fx_scale_direction&quot;:&quot;in-out&quot;,&quot;motion_fx_scale_range&quot;:{&quot;unit&quot;:&quot;%&quot;,&quot;size&quot;:&quot;&quot;,&quot;sizes&quot;:{&quot;start&quot;:0,&quot;end&quot;:50}},&quot;motion_fx_devices&quot;:[&quot;desktop&quot;],&quot;motion_fx_scale_speed&quot;:{&quot;unit&quot;:&quot;px&quot;,&quot;size&quot;:4,&quot;sizes&quot;:[]}}\">\n\t\t\t<div class=\"elementor-widget-wrap elementor-element-populated\">\n\t\t\t\t\t\t<div class=\"elementor-element elementor-element-6b98631 elementor-cta--skin-classic elementor-animated-content elementor-bg-transform elementor-bg-transform-zoom-in elementor-widget elementor-widget-call-to-action\" data-id=\"6b98631\" data-element_type=\"widget\" data-widget_type=\"call-to-action.default\">\n\t\t\t\t<div class=\"elementor-widget-container\">\n\t\t\t\t\t<div class=\"elementor-cta\">\n\t\t\t\t\t<div class=\"elementor-cta__bg-wrapper\">\n\t\t\t\t<div class=\"elementor-cta__bg elementor-bg\" style=\"background-image: url(https:\/\/adreamofagatha.nl\/wp-content\/uploads\/elementor\/thumbs\/unnamed-qd9cjt2ywg1qnorhsc72emuadzq2wv7lyhi0ua3xdk.jpeg);\" role=\"img\" aria-label=\"unbenannt\"><\/div>\n\t\t\t\t<div class=\"elementor-cta__bg-overlay\"><\/div>\n\t\t\t<\/div>\n\t\t\t\t\t\t\t\t<\/div>\n\t\t\t\t<\/div>\n\t\t\t\t<\/div>\n\t\t\t\t\t<\/div>\n\t\t<\/div>\n\t\t\t\t<div class=\"elementor-column elementor-col-25 elementor-inner-column elementor-element elementor-element-5b42ff4\" data-id=\"5b42ff4\" data-element_type=\"column\" data-settings=\"{&quot;motion_fx_motion_fx_scrolling&quot;:&quot;yes&quot;,&quot;motion_fx_scale_effect&quot;:&quot;yes&quot;,&quot;motion_fx_scale_direction&quot;:&quot;in-out&quot;,&quot;motion_fx_scale_range&quot;:{&quot;unit&quot;:&quot;%&quot;,&quot;size&quot;:&quot;&quot;,&quot;sizes&quot;:{&quot;start&quot;:0,&quot;end&quot;:50}},&quot;motion_fx_devices&quot;:[&quot;desktop&quot;],&quot;motion_fx_scale_speed&quot;:{&quot;unit&quot;:&quot;px&quot;,&quot;size&quot;:4,&quot;sizes&quot;:[]}}\">\n\t\t\t<div class=\"elementor-widget-wrap elementor-element-populated\">\n\t\t\t\t\t\t<div class=\"elementor-element elementor-element-f63d9f8 elementor-cta--skin-classic elementor-animated-content elementor-bg-transform elementor-bg-transform-zoom-in elementor-widget elementor-widget-call-to-action\" data-id=\"f63d9f8\" data-element_type=\"widget\" data-widget_type=\"call-to-action.default\">\n\t\t\t\t<div class=\"elementor-widget-container\">\n\t\t\t\t\t<div class=\"elementor-cta\">\n\t\t\t\t\t<div class=\"elementor-cta__bg-wrapper\">\n\t\t\t\t<div class=\"elementor-cta__bg elementor-bg\" style=\"background-image: url(https:\/\/adreamofagatha.nl\/wp-content\/uploads\/2023\/05\/Ontwerp-zonder-titel-kopie.jpg);\" role=\"img\" aria-label=\"Ontwerp zonder titel kopie\"><\/div>\n\t\t\t\t<div class=\"elementor-cta__bg-overlay\"><\/div>\n\t\t\t<\/div>\n\t\t\t\t\t\t\t\t<\/div>\n\t\t\t\t<\/div>\n\t\t\t\t<\/div>\n\t\t\t\t\t<\/div>\n\t\t<\/div>\n\t\t\t\t<div class=\"elementor-column elementor-col-25 elementor-inner-column elementor-element elementor-element-db8c14e\" data-id=\"db8c14e\" data-element_type=\"column\" data-settings=\"{&quot;motion_fx_motion_fx_scrolling&quot;:&quot;yes&quot;,&quot;motion_fx_scale_effect&quot;:&quot;yes&quot;,&quot;motion_fx_scale_direction&quot;:&quot;in-out&quot;,&quot;motion_fx_scale_range&quot;:{&quot;unit&quot;:&quot;%&quot;,&quot;size&quot;:&quot;&quot;,&quot;sizes&quot;:{&quot;start&quot;:0,&quot;end&quot;:50}},&quot;motion_fx_devices&quot;:[&quot;desktop&quot;],&quot;motion_fx_scale_speed&quot;:{&quot;unit&quot;:&quot;px&quot;,&quot;size&quot;:4,&quot;sizes&quot;:[]}}\">\n\t\t\t<div class=\"elementor-widget-wrap elementor-element-populated\">\n\t\t\t\t\t\t<div class=\"elementor-element elementor-element-e197859 elementor-cta--skin-classic elementor-animated-content elementor-bg-transform elementor-bg-transform-zoom-in elementor-widget elementor-widget-call-to-action\" data-id=\"e197859\" data-element_type=\"widget\" data-widget_type=\"call-to-action.default\">\n\t\t\t\t<div class=\"elementor-widget-container\">\n\t\t\t\t\t<div class=\"elementor-cta\">\n\t\t\t\t\t<div class=\"elementor-cta__bg-wrapper\">\n\t\t\t\t<div class=\"elementor-cta__bg elementor-bg\" style=\"background-image: url(https:\/\/adreamofagatha.nl\/wp-content\/uploads\/2022\/06\/280263532_5213181195407596_8345390313105590197_n.jpeg);\" role=\"img\" aria-label=\"280263532_5213181195407596_8345390313105590197_n\"><\/div>\n\t\t\t\t<div class=\"elementor-cta__bg-overlay\"><\/div>\n\t\t\t<\/div>\n\t\t\t\t\t\t\t\t<\/div>\n\t\t\t\t<\/div>\n\t\t\t\t<\/div>\n\t\t\t\t\t<\/div>\n\t\t<\/div>\n\t\t\t\t<div class=\"elementor-column elementor-col-25 elementor-inner-column elementor-element elementor-element-1b20d64\" data-id=\"1b20d64\" data-element_type=\"column\" data-settings=\"{&quot;motion_fx_motion_fx_scrolling&quot;:&quot;yes&quot;,&quot;motion_fx_scale_effect&quot;:&quot;yes&quot;,&quot;motion_fx_scale_direction&quot;:&quot;in-out&quot;,&quot;motion_fx_scale_range&quot;:{&quot;unit&quot;:&quot;%&quot;,&quot;size&quot;:&quot;&quot;,&quot;sizes&quot;:{&quot;start&quot;:0,&quot;end&quot;:50}},&quot;motion_fx_devices&quot;:[&quot;desktop&quot;],&quot;motion_fx_scale_speed&quot;:{&quot;unit&quot;:&quot;px&quot;,&quot;size&quot;:4,&quot;sizes&quot;:[]}}\">\n\t\t\t<div class=\"elementor-widget-wrap elementor-element-populated\">\n\t\t\t\t\t\t<div class=\"elementor-element elementor-element-3b87978 elementor-cta--skin-classic elementor-animated-content elementor-bg-transform elementor-bg-transform-zoom-in elementor-widget elementor-widget-call-to-action\" data-id=\"3b87978\" data-element_type=\"widget\" data-widget_type=\"call-to-action.default\">\n\t\t\t\t<div class=\"elementor-widget-container\">\n\t\t\t\t\t<div class=\"elementor-cta\">\n\t\t\t\t\t<div class=\"elementor-cta__bg-wrapper\">\n\t\t\t\t<div class=\"elementor-cta__bg elementor-bg\" style=\"background-image: url(https:\/\/adreamofagatha.nl\/wp-content\/uploads\/2023\/10\/IMG_2778.jpg);\" role=\"img\" aria-label=\"IMG_2778\"><\/div>\n\t\t\t\t<div class=\"elementor-cta__bg-overlay\"><\/div>\n\t\t\t<\/div>\n\t\t\t\t\t\t\t\t<\/div>\n\t\t\t\t<\/div>\n\t\t\t\t<\/div>\n\t\t\t\t\t<\/div>\n\t\t<\/div>\n\t\t\t\t\t<\/div>\n\t\t<\/section>\n\t\t\t\t\t<\/div>\n\t\t<\/div>\n\t\t\t\t\t<\/div>\n\t\t<\/section>\n\t\t\t\t<\/div>","protected":false},"excerpt":{"rendered":"<p>Bracco Italiano puppies: vind uw perfecte pup bij A Dream Of Agatha Bij A Dream Of Agatha vindt u de mooiste Bracco Italiano puppies, grootgebracht met liefde en zorg. Onze kleinschalige en liefdevolle fokkerij richt zich op het fokken van gezonde en evenwichtige Bracco Italiano pups die uitgroeien tot geweldige gezelschaps- en jachthonden. Elke Bracco &hellip;<\/p>\n<p class=\"read-more\"> <a class=\"\" href=\"https:\/\/adreamofagatha.nl\/de\/bracco-italiano-welpen-finden-sie-ihren-perfekten-welpen-bei-a-dream-of-agatha\/\"> <span class=\"screen-reader-text\">Bracco Italiano Welpen: finden Sie Ihren perfekten Welpen bei A Dream Of Agatha<\/span> Weiterlesen \"<\/a><\/p>","protected":false},"author":1,"featured_media":0,"parent":0,"menu_order":0,"comment_status":"closed","ping_status":"closed","template":"","meta":{"site-sidebar-layout":"no-sidebar","site-content-layout":"page-builder","ast-main-header-display":"","ast-hfb-above-header-display":"","ast-hfb-below-header-display":"","ast-hfb-mobile-header-display":"","site-post-title":"disabled","ast-breadcrumbs-content":"","ast-featured-img":"disabled","footer-sml-layout":"","theme-transparent-header-meta":"","adv-header-id-meta":"","stick-header-meta":"","header-above-stick-meta":"","header-main-stick-meta":"","header-below-stick-meta":"","footnotes":""},"class_list":["post-3404","page","type-page","status-publish","hentry"],"_links":{"self":[{"href":"https:\/\/adreamofagatha.nl\/de\/wp-json\/wp\/v2\/pages\/3404"}],"collection":[{"href":"https:\/\/adreamofagatha.nl\/de\/wp-json\/wp\/v2\/pages"}],"about":[{"href":"https:\/\/adreamofagatha.nl\/de\/wp-json\/wp\/v2\/types\/page"}],"author":[{"embeddable":true,"href":"https:\/\/adreamofagatha.nl\/de\/wp-json\/wp\/v2\/users\/1"}],"replies":[{"embeddable":true,"href":"https:\/\/adreamofagatha.nl\/de\/wp-json\/wp\/v2\/comments?post=3404"}],"version-history":[{"count":4,"href":"https:\/\/adreamofagatha.nl\/de\/wp-json\/wp\/v2\/pages\/3404\/revisions"}],"predecessor-version":[{"id":3409,"href":"https:\/\/adreamofagatha.nl\/de\/wp-json\/wp\/v2\/pages\/3404\/revisions\/3409"}],"wp:attachment":[{"href":"https:\/\/adreamofagatha.nl\/de\/wp-json\/wp\/v2\/media?parent=3404"}],"curies":[{"name":"wp","href":"https:\/\/api.w.org\/{rel}","templated":true}]}}